{"id":64,"date":"2022-03-22T14:34:58","date_gmt":"2022-03-22T13:34:58","guid":{"rendered":"https:\/\/cabinetdefumisterieappliquee.com\/?page_id=64"},"modified":"2025-02-10T16:59:45","modified_gmt":"2025-02-10T15:59:45","slug":"a-propos","status":"publish","type":"page","link":"https:\/\/cabinetdefumisterieappliquee.com\/en\/a-propos\/","title":{"rendered":"C.F.A., Elsa Ferry &amp; Anastasia Bolchakova"},"content":{"rendered":"<figure class=\"wp-block-image size-large\"><img data-recalc-dims=\"1\" loading=\"lazy\" decoding=\"async\" width=\"1024\" height=\"768\" data-attachment-id=\"354\" data-permalink=\"https:\/\/cabinetdefumisterieappliquee.com\/en\/a-propos\/cfa\/\" data-orig-file=\"https:\/\/i0.wp.com\/cabinetdefumisterieappliquee.com\/wp-content\/uploads\/2022\/04\/CFA-scaled.jpg?fit=2560%2C1920&amp;ssl=1\" data-orig-size=\"2560,1920\" data-comments-opened=\"0\" data-image-meta=\"{&quot;aperture&quot;:&quot;3&quot;,&quot;credit&quot;:&quot;&quot;,&quot;camera&quot;:&quot;DMC-FZ38&quot;,&quot;caption&quot;:&quot;&quot;,&quot;created_timestamp&quot;:&quot;1285697368&quot;,&quot;copyright&quot;:&quot;&quot;,&quot;focal_length&quot;:&quot;7.1&quot;,&quot;iso&quot;:&quot;250&quot;,&quot;shutter_speed&quot;:&quot;0.033333333333333&quot;,&quot;title&quot;:&quot;&quot;,&quot;orientation&quot;:&quot;1&quot;}\" data-image-title=\"CFA\" data-image-description=\"\" data-image-caption=\"\" data-large-file=\"https:\/\/i0.wp.com\/cabinetdefumisterieappliquee.com\/wp-content\/uploads\/2022\/04\/CFA-scaled.jpg?fit=1024%2C768&amp;ssl=1\" src=\"https:\/\/i0.wp.com\/cabinetdefumisterieappliquee.com\/wp-content\/uploads\/2022\/04\/CFA.jpg?resize=1024%2C768&#038;ssl=1\" alt=\"\" class=\"wp-image-354\" srcset=\"https:\/\/i0.wp.com\/cabinetdefumisterieappliquee.com\/wp-content\/uploads\/2022\/04\/CFA-scaled.jpg?resize=1024%2C768&amp;ssl=1 1024w, https:\/\/i0.wp.com\/cabinetdefumisterieappliquee.com\/wp-content\/uploads\/2022\/04\/CFA-scaled.jpg?resize=300%2C225&amp;ssl=1 300w, https:\/\/i0.wp.com\/cabinetdefumisterieappliquee.com\/wp-content\/uploads\/2022\/04\/CFA-scaled.jpg?resize=768%2C576&amp;ssl=1 768w, https:\/\/i0.wp.com\/cabinetdefumisterieappliquee.com\/wp-content\/uploads\/2022\/04\/CFA-scaled.jpg?resize=1536%2C1152&amp;ssl=1 1536w, https:\/\/i0.wp.com\/cabinetdefumisterieappliquee.com\/wp-content\/uploads\/2022\/04\/CFA-scaled.jpg?resize=2048%2C1536&amp;ssl=1 2048w, https:\/\/i0.wp.com\/cabinetdefumisterieappliquee.com\/wp-content\/uploads\/2022\/04\/CFA-scaled.jpg?resize=16%2C12&amp;ssl=1 16w\" sizes=\"auto, (max-width: 1000px) 100vw, 1000px\" \/><\/figure>\n\n\n\n<p class=\"has-text-align-justify\">Et si, dans l&rsquo;avion qui nous m\u00e8ne au Canada, dans le train qui file vers le sud de la France, sur le v\u00e9lo qui longe les quais de la De\u00fble ou de l\u2019Erdre, par une combinaison de ph\u00e9nom\u00e8nes sensibles, atmosph\u00e9riques et pourquoi pas fantastiques, nos inspirations et nos traumas, nos postures et nos pulsions devenaient plus \u00e9lastiques et s\u2019av\u00e9raient polymorphes, charg\u00e9s d\u2019intuition et d\u2019exaltation, comme des petits volcans fulminants au magma intr\u00e9pide ou comme un tout petit multivers en expansion&nbsp;dont les \u00e9clats, \u00e9claboussures, grains, scintillements, draches, spores, pigments, vaillantes particules s\u2019achemineraient fougueusement vers les zones f\u00e9condes qui ch\u00e9rissent la mati\u00e8re \u00e0 fiction&nbsp;?&nbsp;<\/p>\n\n\n\n<p><a href=\"mailto:cabinetdefumisterieappliquee@gmail.com\">cabinetdefumisterieappliquee@gmail.com<\/a><\/p>\n\n\n\n<p><strong>EXPOSITIONS \/ R\u00c9SIDENCES<\/strong><\/p>\n\n\n\n<p class=\"has-text-align-justify\">Art souterrain, Montr\u00e9al, Qu\u00e9bec, 2020 \/ Pavillon ill\u00e9gitime, International Factice, Le Lieu, Montr\u00e9al, Qu\u00e9bec 2020 \/ R\u00e9sidence-mission DRAC au Lyc\u00e9e Flora Tristan, Montereau, France, 2019 \/ Errance Transdog, La nouvelle sc\u00e8ne, AXENEO07 et Da\u00efm\u00f4n, Gatineau, Qu\u00e9bec 2019 \/ Chercher Marwall, R\u00e9sidence de cr\u00e9ation, 2angles, Flers, France 2019 \/ Observer, Nouvelle exposition permanente, MACBSP, Baie-St-Paul, Qu\u00e9bec 2018 \/ Inflate, R\u00e9sidence de cr\u00e9ation Centre d\u2019art Le LObe, Chicoutimi, Qu\u00e9bec 2018 \/ Symposium International d\u2019Art Contemporain de Baie-Saint-Paul, Qu\u00e9bec 2017 Origins, Kitchentable collective, Leyden Gallery, London \/ Raum B, Berlin 2017 Cerveau commun, La G\u00e2terie, La Roche-sur-Yon 2017 \/ Public Pool 2, Les objets ont la parole, Commissaires d\u2019exposition associ\u00e9s, Cit\u00e9 Internationale des Arts, Paris 2016 \/ Toxique, Bureau d\u2019Art et de Recherche, Roubaix 2016 \/ (Sus)tentations, Centre d\u2019art contemporain La Brasserie, Foncquevillers 2016 \/ Horizon 2050 : Bigbang Self &amp; Banquet, Espace le Carr\u00e9 &amp; Palais Rihour 2016 \/ Horizon 2050 : Rencontre-projection, film : \u00ab Soleil vert \u00bb, Cin\u00e9ma l\u2019Hybride, Lille 2016 \/ Horizon 2050 : U.D.A.G. (Unit\u00e9 de Distribution Alimentaire Gouvernementale), Atelier des Vertus, ArtCOP21, Paris 2015 \/ Libert\u00e9s ch\u00e9ries, Le 39\/93, Romainville 2015 \/ Traits d\u2019union, Studios de l\u2019Albatros, Montreuil 2014Free Wheels, Obrose, Paris 2014\/ KABOOM ! Les super h\u00e9ros d\u00e9barquent !, Colys\u00e9e, Maison Folie de Lambersart 2014\/ \u00c7a chauffe ! ! Festival Th\u00e9\u00e2t\u2019r\u00e9alit\u00e9s, Parc de la T\u00eate d\u2019Or et Grand Parc Miribel, Lyon 2014<\/p>\n\n\n\n<p><strong>PUBLICATIONS<\/strong><\/p>\n\n\n\n<p class=\"has-text-align-justify\">CROYANCES, Carte blanche plastique, revue Facettes n\u00b04, 50\u00b0 Nord, 2018 \/ PAIN PERDU \/ FRENCH TOAST Issue 2 : Origins, Kitchentable collective, 2017 \/MANGER EN 2050, Jean-Roger Helmin, \u00e9ditions du C.F.A., 2015 \/ Lettres 2010-2023, Cabinet de Fumisterie Appliqu\u00e9e, Editions du Net, 2014<\/p>\n\n\n\n<p><strong>PRESSE<\/strong><\/p>\n\n\n\n<p class=\"has-text-align-justify\">La disparition de l\u2019exception artistique, Revue Inter, Qu\u00e9bec, Printemps 2019 \/Certains attendent Godot, \u00e0 2angles on cherche Marwall, L\u2019Orne combattante, janvier 2019 \/ Un dr\u00f4le de Cabinet s\u2019empare de 2angles, Ouest france, janvier 2019\/ Un duo fran\u00e7ais expose au Lobe, Le Quotidien, Chicoutimi, Qu\u00e9bec, novembre 2018\/ Un cabinet surr\u00e9aliste \u00e0 la G\u00e2terie, Ouest france, ao\u00fbt 2017\/ L\u2019art en 2050, Sculpter l\u2019alimentation de demain, L\u2019\u0153il magazine, septembre 2016\/ Horizon 2050, Qu\u2019y aura-t-il dans nos assiettes ? La Voix du Nord, mai 2016\/ Manger en 2050, Lille Mag, mai 2016\/ Horizons 2050, Lemon Mag, avril 2016\/ Horizon 2050, Sombres festins, Let\u2019s Motiv, avril 2016\/ Horizon 2050, U.D.A.G., SOUVENIRS FROM EARTH (cha\u00eene TV ind\u00e9pendante)<\/p>\n\n\n\n<div class=\"wp-block-columns is-layout-flex wp-container-core-columns-is-layout-28f84493 wp-block-columns-is-layout-flex\">\n<div class=\"wp-block-column is-layout-flow wp-block-column-is-layout-flow\" style=\"flex-basis:50%\">\n<p class=\"has-text-align-justify\"><strong>ANASTASIA<\/strong> <strong>BOLCHAKOVA<\/strong><br>104 (Paris) \/ Salon de Montrouge \/ Foire Slick (Paris) \/ Fiac off (Paris) \/ Crane lab (Millery) \/ Centre d\u2019art Contemporain Meymac France \/ Mains d\u2019\u0153uvres (Saint-Ouen) \/<em> Mus\u00e9e de l\u2019immigration (Paris) \/ Running Horse Contemporary Art Space, Beyrouth (Liban) \/ <\/em>Al Riwaq Gallery &#8211; Al Ali Mall &#8211; Bahrain (Emirats Arabes Unis), collection Agn\u00e8s B.<\/p>\n<\/div>\n\n\n\n<div class=\"wp-block-column is-layout-flow wp-block-column-is-layout-flow\">\n<p class=\"has-text-align-justify\"><strong>ELSA<\/strong> <strong>FERRY<\/strong><br>Bureau d\u2019Art et de Recherche (Roubaix) \/ Villa Savoye (Poissy) \/ La Ruche (Rouen) \/ Galerie Lendroit (Rennes) \/ Traverse Vid\u00e9o (Toulouse) \/ Festival International d&rsquo;Art Vid\u00e9o de Casablanca (Maroc) \/ Centre d\u2019art du Kunstverein, Magdebourg (Allemagne) \/ Cahiers Folie\/Culture, Qu\u00e9bec \/ Revue Aller-retour, \u00e9ditions Khorsabad \/ BOOK, Lendroit Galerie, R-diffusion \/ Actes, L\u2019art et le politique interloqu\u00e9s, Colloque-Disloque, dir. Jacques Cohen, Ed. L\u2019Harmattan, Collection Esth\u00e9tiques<\/p>\n<\/div>\n<\/div>","protected":false},"excerpt":{"rendered":"<p>Et si, dans l&rsquo;avion qui nous m\u00e8ne au Canada, dans le train qui file vers le sud de la France, [&hellip;]<\/p>\n","protected":false},"author":1,"featured_media":0,"parent":0,"menu_order":0,"comment_status":"closed","ping_status":"closed","template":"","meta":{"_editorskit_title_hidden":false,"_editorskit_reading_time":2,"_editorskit_is_block_options_detached":false,"_editorskit_block_options_position":"{}","site-sidebar-layout":"default","site-content-layout":"","ast-site-content-layout":"default","site-content-style":"default","site-sidebar-style":"default","ast-global-header-display":"","ast-banner-title-visibility":"","ast-main-header-display":"","ast-hfb-above-header-display":"","ast-hfb-below-header-display":"","ast-hfb-mobile-header-display":"","site-post-title":"","ast-breadcrumbs-content":"","ast-featured-img":"","footer-sml-layout":"","theme-transparent-header-meta":"","adv-header-id-meta":"","stick-header-meta":"","header-above-stick-meta":"","header-main-stick-meta":"","header-below-stick-meta":"","astra-migrate-meta-layouts":"default","ast-page-background-enabled":"default","ast-page-background-meta":{"desktop":{"background-color":"var(--ast-global-color-5)","background-image":"","background-repeat":"repeat","background-position":"center center","background-size":"auto","background-attachment":"scroll","background-type":"","background-media":"","overlay-type":"","overlay-color":"","overlay-opacity":"","overlay-gradient":""},"tablet":{"background-color":"","background-image":"","background-repeat":"repeat","background-position":"center center","background-size":"auto","background-attachment":"scroll","background-type":"","background-media":"","overlay-type":"","overlay-color":"","overlay-opacity":"","overlay-gradient":""},"mobile":{"background-color":"","background-image":"","background-repeat":"repeat","background-position":"center center","background-size":"auto","background-attachment":"scroll","background-type":"","background-media":"","overlay-type":"","overlay-color":"","overlay-opacity":"","overlay-gradient":""}},"ast-content-background-meta":{"desktop":{"background-color":"var(--ast-global-color-4)","background-image":"","background-repeat":"repeat","background-position":"center center","background-size":"auto","background-attachment":"scroll","background-type":"","background-media":"","overlay-type":"","overlay-color":"","overlay-opacity":"","overlay-gradient":""},"tablet":{"background-color":"var(--ast-global-color-4)","background-image":"","background-repeat":"repeat","background-position":"center center","background-size":"auto","background-attachment":"scroll","background-type":"","background-media":"","overlay-type":"","overlay-color":"","overlay-opacity":"","overlay-gradient":""},"mobile":{"background-color":"var(--ast-global-color-4)","background-image":"","background-repeat":"repeat","background-position":"center center","background-size":"auto","background-attachment":"scroll","background-type":"","background-media":"","overlay-type":"","overlay-color":"","overlay-opacity":"","overlay-gradient":""}},"footnotes":""},"class_list":["post-64","page","type-page","status-publish","hentry"],"yoast_head":"<!-- This site is optimized with the Yoast SEO plugin v27.3 - https:\/\/yoast.com\/product\/yoast-seo-wordpress\/ -->\n<title>C.F.A., Elsa Ferry &amp; Anastasia Bolchakova - Cabinet de Fumisterie Appliqu\u00e9e<\/title>\n<meta name=\"robots\" content=\"index, follow, max-snippet:-1, max-image-preview:large, max-video-preview:-1\" \/>\n<link rel=\"canonical\" href=\"https:\/\/cabinetdefumisterieappliquee.com\/en\/a-propos\/\" \/>\n<meta property=\"og:locale\" content=\"en_US\" \/>\n<meta property=\"og:type\" content=\"article\" \/>\n<meta property=\"og:title\" content=\"C.F.A., Elsa Ferry &amp; Anastasia Bolchakova - Cabinet de Fumisterie Appliqu\u00e9e\" \/>\n<meta property=\"og:description\" content=\"Et si, dans l&rsquo;avion qui nous m\u00e8ne au Canada, dans le train qui file vers le sud de la France, [&hellip;]\" \/>\n<meta property=\"og:url\" content=\"https:\/\/cabinetdefumisterieappliquee.com\/en\/a-propos\/\" \/>\n<meta property=\"og:site_name\" content=\"Cabinet de Fumisterie Appliqu\u00e9e\" \/>\n<meta property=\"article:publisher\" content=\"https:\/\/www.facebook.com\/cabinetdefumisterie\" \/>\n<meta property=\"article:modified_time\" content=\"2025-02-10T15:59:45+00:00\" \/>\n<meta property=\"og:image\" content=\"https:\/\/cabinetdefumisterieappliquee.com\/wp-content\/uploads\/2022\/04\/CFA-1024x768.jpg\" \/>\n<meta name=\"twitter:card\" content=\"summary_large_image\" \/>\n<meta name=\"twitter:label1\" content=\"Est. reading time\" \/>\n\t<meta name=\"twitter:data1\" content=\"4 minutes\" \/>\n<script type=\"application\/ld+json\" class=\"yoast-schema-graph\">{\"@context\":\"https:\\\/\\\/schema.org\",\"@graph\":[{\"@type\":\"WebPage\",\"@id\":\"https:\\\/\\\/cabinetdefumisterieappliquee.com\\\/a-propos\\\/\",\"url\":\"https:\\\/\\\/cabinetdefumisterieappliquee.com\\\/a-propos\\\/\",\"name\":\"C.F.A., Elsa Ferry &amp; Anastasia Bolchakova - Cabinet de Fumisterie Appliqu\u00e9e\",\"isPartOf\":{\"@id\":\"https:\\\/\\\/cabinetdefumisterieappliquee.com\\\/#website\"},\"primaryImageOfPage\":{\"@id\":\"https:\\\/\\\/cabinetdefumisterieappliquee.com\\\/a-propos\\\/#primaryimage\"},\"image\":{\"@id\":\"https:\\\/\\\/cabinetdefumisterieappliquee.com\\\/a-propos\\\/#primaryimage\"},\"thumbnailUrl\":\"https:\\\/\\\/cabinetdefumisterieappliquee.com\\\/wp-content\\\/uploads\\\/2022\\\/04\\\/CFA-1024x768.jpg\",\"datePublished\":\"2022-03-22T13:34:58+00:00\",\"dateModified\":\"2025-02-10T15:59:45+00:00\",\"breadcrumb\":{\"@id\":\"https:\\\/\\\/cabinetdefumisterieappliquee.com\\\/a-propos\\\/#breadcrumb\"},\"inLanguage\":\"en-US\",\"potentialAction\":[{\"@type\":\"ReadAction\",\"target\":[\"https:\\\/\\\/cabinetdefumisterieappliquee.com\\\/a-propos\\\/\"]}]},{\"@type\":\"ImageObject\",\"inLanguage\":\"en-US\",\"@id\":\"https:\\\/\\\/cabinetdefumisterieappliquee.com\\\/a-propos\\\/#primaryimage\",\"url\":\"https:\\\/\\\/cabinetdefumisterieappliquee.com\\\/wp-content\\\/uploads\\\/2022\\\/04\\\/CFA-1024x768.jpg\",\"contentUrl\":\"https:\\\/\\\/cabinetdefumisterieappliquee.com\\\/wp-content\\\/uploads\\\/2022\\\/04\\\/CFA-1024x768.jpg\"},{\"@type\":\"BreadcrumbList\",\"@id\":\"https:\\\/\\\/cabinetdefumisterieappliquee.com\\\/a-propos\\\/#breadcrumb\",\"itemListElement\":[{\"@type\":\"ListItem\",\"position\":1,\"name\":\"Accueil\",\"item\":\"https:\\\/\\\/cabinetdefumisterieappliquee.com\\\/\"},{\"@type\":\"ListItem\",\"position\":2,\"name\":\"C.F.A., Elsa Ferry &amp; Anastasia Bolchakova\"}]},{\"@type\":\"WebSite\",\"@id\":\"https:\\\/\\\/cabinetdefumisterieappliquee.com\\\/#website\",\"url\":\"https:\\\/\\\/cabinetdefumisterieappliquee.com\\\/\",\"name\":\"Cabinet de Fumisterie Appliqu\u00e9e\",\"description\":\"Portfolio\",\"publisher\":{\"@id\":\"https:\\\/\\\/cabinetdefumisterieappliquee.com\\\/#organization\"},\"potentialAction\":[{\"@type\":\"SearchAction\",\"target\":{\"@type\":\"EntryPoint\",\"urlTemplate\":\"https:\\\/\\\/cabinetdefumisterieappliquee.com\\\/?s={search_term_string}\"},\"query-input\":{\"@type\":\"PropertyValueSpecification\",\"valueRequired\":true,\"valueName\":\"search_term_string\"}}],\"inLanguage\":\"en-US\"},{\"@type\":\"Organization\",\"@id\":\"https:\\\/\\\/cabinetdefumisterieappliquee.com\\\/#organization\",\"name\":\"Cabinet de Fumisterie Appliqu\u00e9e\",\"url\":\"https:\\\/\\\/cabinetdefumisterieappliquee.com\\\/\",\"logo\":{\"@type\":\"ImageObject\",\"inLanguage\":\"en-US\",\"@id\":\"https:\\\/\\\/cabinetdefumisterieappliquee.com\\\/#\\\/schema\\\/logo\\\/image\\\/\",\"url\":\"https:\\\/\\\/i0.wp.com\\\/cabinetdefumisterieappliquee.com\\\/wp-content\\\/uploads\\\/2022\\\/04\\\/2017_CABINET-FUMISTERIE_67-CHROMIE-CHROMIE-JPG-HDretouchee-2-scaled.jpg?fit=2560%2C1917&ssl=1\",\"contentUrl\":\"https:\\\/\\\/i0.wp.com\\\/cabinetdefumisterieappliquee.com\\\/wp-content\\\/uploads\\\/2022\\\/04\\\/2017_CABINET-FUMISTERIE_67-CHROMIE-CHROMIE-JPG-HDretouchee-2-scaled.jpg?fit=2560%2C1917&ssl=1\",\"width\":2560,\"height\":1917,\"caption\":\"Cabinet de Fumisterie Appliqu\u00e9e\"},\"image\":{\"@id\":\"https:\\\/\\\/cabinetdefumisterieappliquee.com\\\/#\\\/schema\\\/logo\\\/image\\\/\"},\"sameAs\":[\"https:\\\/\\\/www.facebook.com\\\/cabinetdefumisterie\"]}]}<\/script>\n<!-- \/ Yoast SEO plugin. -->","yoast_head_json":{"title":"C.F.A., Elsa Ferry &amp; Anastasia Bolchakova - Cabinet de Fumisterie Appliqu\u00e9e","robots":{"index":"index","follow":"follow","max-snippet":"max-snippet:-1","max-image-preview":"max-image-preview:large","max-video-preview":"max-video-preview:-1"},"canonical":"https:\/\/cabinetdefumisterieappliquee.com\/en\/a-propos\/","og_locale":"en_US","og_type":"article","og_title":"C.F.A., Elsa Ferry &amp; Anastasia Bolchakova - Cabinet de Fumisterie Appliqu\u00e9e","og_description":"Et si, dans l&rsquo;avion qui nous m\u00e8ne au Canada, dans le train qui file vers le sud de la France, [&hellip;]","og_url":"https:\/\/cabinetdefumisterieappliquee.com\/en\/a-propos\/","og_site_name":"Cabinet de Fumisterie Appliqu\u00e9e","article_publisher":"https:\/\/www.facebook.com\/cabinetdefumisterie","article_modified_time":"2025-02-10T15:59:45+00:00","og_image":[{"url":"https:\/\/cabinetdefumisterieappliquee.com\/wp-content\/uploads\/2022\/04\/CFA-1024x768.jpg","type":"","width":"","height":""}],"twitter_card":"summary_large_image","twitter_misc":{"Est. reading time":"4 minutes"},"schema":{"@context":"https:\/\/schema.org","@graph":[{"@type":"WebPage","@id":"https:\/\/cabinetdefumisterieappliquee.com\/a-propos\/","url":"https:\/\/cabinetdefumisterieappliquee.com\/a-propos\/","name":"C.F.A., Elsa Ferry &amp; Anastasia Bolchakova - Cabinet de Fumisterie Appliqu\u00e9e","isPartOf":{"@id":"https:\/\/cabinetdefumisterieappliquee.com\/#website"},"primaryImageOfPage":{"@id":"https:\/\/cabinetdefumisterieappliquee.com\/a-propos\/#primaryimage"},"image":{"@id":"https:\/\/cabinetdefumisterieappliquee.com\/a-propos\/#primaryimage"},"thumbnailUrl":"https:\/\/cabinetdefumisterieappliquee.com\/wp-content\/uploads\/2022\/04\/CFA-1024x768.jpg","datePublished":"2022-03-22T13:34:58+00:00","dateModified":"2025-02-10T15:59:45+00:00","breadcrumb":{"@id":"https:\/\/cabinetdefumisterieappliquee.com\/a-propos\/#breadcrumb"},"inLanguage":"en-US","potentialAction":[{"@type":"ReadAction","target":["https:\/\/cabinetdefumisterieappliquee.com\/a-propos\/"]}]},{"@type":"ImageObject","inLanguage":"en-US","@id":"https:\/\/cabinetdefumisterieappliquee.com\/a-propos\/#primaryimage","url":"https:\/\/cabinetdefumisterieappliquee.com\/wp-content\/uploads\/2022\/04\/CFA-1024x768.jpg","contentUrl":"https:\/\/cabinetdefumisterieappliquee.com\/wp-content\/uploads\/2022\/04\/CFA-1024x768.jpg"},{"@type":"BreadcrumbList","@id":"https:\/\/cabinetdefumisterieappliquee.com\/a-propos\/#breadcrumb","itemListElement":[{"@type":"ListItem","position":1,"name":"Accueil","item":"https:\/\/cabinetdefumisterieappliquee.com\/"},{"@type":"ListItem","position":2,"name":"C.F.A., Elsa Ferry &amp; Anastasia Bolchakova"}]},{"@type":"WebSite","@id":"https:\/\/cabinetdefumisterieappliquee.com\/#website","url":"https:\/\/cabinetdefumisterieappliquee.com\/","name":"Cabinet de Fumisterie Appliqu\u00e9e","description":"Portfolio","publisher":{"@id":"https:\/\/cabinetdefumisterieappliquee.com\/#organization"},"potentialAction":[{"@type":"SearchAction","target":{"@type":"EntryPoint","urlTemplate":"https:\/\/cabinetdefumisterieappliquee.com\/?s={search_term_string}"},"query-input":{"@type":"PropertyValueSpecification","valueRequired":true,"valueName":"search_term_string"}}],"inLanguage":"en-US"},{"@type":"Organization","@id":"https:\/\/cabinetdefumisterieappliquee.com\/#organization","name":"Cabinet de Fumisterie Appliqu\u00e9e","url":"https:\/\/cabinetdefumisterieappliquee.com\/","logo":{"@type":"ImageObject","inLanguage":"en-US","@id":"https:\/\/cabinetdefumisterieappliquee.com\/#\/schema\/logo\/image\/","url":"https:\/\/i0.wp.com\/cabinetdefumisterieappliquee.com\/wp-content\/uploads\/2022\/04\/2017_CABINET-FUMISTERIE_67-CHROMIE-CHROMIE-JPG-HDretouchee-2-scaled.jpg?fit=2560%2C1917&ssl=1","contentUrl":"https:\/\/i0.wp.com\/cabinetdefumisterieappliquee.com\/wp-content\/uploads\/2022\/04\/2017_CABINET-FUMISTERIE_67-CHROMIE-CHROMIE-JPG-HDretouchee-2-scaled.jpg?fit=2560%2C1917&ssl=1","width":2560,"height":1917,"caption":"Cabinet de Fumisterie Appliqu\u00e9e"},"image":{"@id":"https:\/\/cabinetdefumisterieappliquee.com\/#\/schema\/logo\/image\/"},"sameAs":["https:\/\/www.facebook.com\/cabinetdefumisterie"]}]}},"jetpack_sharing_enabled":true,"_links":{"self":[{"href":"https:\/\/cabinetdefumisterieappliquee.com\/en\/wp-json\/wp\/v2\/pages\/64","targetHints":{"allow":["GET"]}}],"collection":[{"href":"https:\/\/cabinetdefumisterieappliquee.com\/en\/wp-json\/wp\/v2\/pages"}],"about":[{"href":"https:\/\/cabinetdefumisterieappliquee.com\/en\/wp-json\/wp\/v2\/types\/page"}],"author":[{"embeddable":true,"href":"https:\/\/cabinetdefumisterieappliquee.com\/en\/wp-json\/wp\/v2\/users\/1"}],"replies":[{"embeddable":true,"href":"https:\/\/cabinetdefumisterieappliquee.com\/en\/wp-json\/wp\/v2\/comments?post=64"}],"version-history":[{"count":13,"href":"https:\/\/cabinetdefumisterieappliquee.com\/en\/wp-json\/wp\/v2\/pages\/64\/revisions"}],"predecessor-version":[{"id":684,"href":"https:\/\/cabinetdefumisterieappliquee.com\/en\/wp-json\/wp\/v2\/pages\/64\/revisions\/684"}],"wp:attachment":[{"href":"https:\/\/cabinetdefumisterieappliquee.com\/en\/wp-json\/wp\/v2\/media?parent=64"}],"curies":[{"name":"wp","href":"https:\/\/api.w.org\/{rel}","templated":true}]}}